{"id":3,"date":"2025-07-09T19:27:14","date_gmt":"2025-07-09T19:27:14","guid":{"rendered":"https:\/\/cpcomunica.com\/cpcar\/?page_id=3"},"modified":"2025-07-18T17:56:39","modified_gmt":"2025-07-18T17:56:39","slug":"privacy-policy","status":"publish","type":"page","link":"https:\/\/cpcomunica.com\/cpcar\/privacy-policy\/","title":{"rendered":"Politica de Privacidade"},"content":{"rendered":"\t\t<div data-elementor-type=\"wp-page\" data-elementor-id=\"3\" class=\"elementor elementor-3\" data-elementor-post-type=\"page\">\n\t\t\t\t<div class=\"elementor-element elementor-element-1b043eca e-flex e-con-boxed e-con e-parent\" data-id=\"1b043eca\" data-element_type=\"container\">\n\t\t\t\t\t<div class=\"e-con-inner\">\n\t\t\t\t<div class=\"elementor-element elementor-element-6593f478 elementor-widget elementor-widget-text-editor\" data-id=\"6593f478\" data-element_type=\"widget\" data-widget_type=\"text-editor.default\">\n\t\t\t\t\t\t\t\t\t<p>Pol\u00edtica de privacidade<\/p><p style=\"color: rgb(39, 116, 174); font-size: 15px; text-align: center;\"><span style=\"font-weight: bolder;\">AVISO LEGAL:<\/span>&nbsp;Este produto n\u00e3o garante a obten\u00e7\u00e3o de resultados. Qualquer refer\u00eancia ao desempenho de uma estrat\u00e9gia n\u00e3o deve ser interpretada como uma garantia de resultados. \u00e9 pagina de divulga\u00e7\u00e3o de cria\u00e7\u00e3o de site todos os dados s\u00e3o fict\u00edcios, apenas para divulga\u00e7\u00e3o do trabalho de cria\u00e7\u00e3o.&nbsp;<\/p><p style=\"color: rgb(39, 116, 174); font-size: 15px; text-align: center;\">O usu\u00e1rio aceita expressamente os termos:<\/p><p>A sua privacidade \u00e9 importante para n\u00f3s.&nbsp; Temos o compromisso de proteger seus dados pessoais e garantir que suas informa\u00e7\u00f5es sejam utilizadas de maneira transparente, segura e respons\u00e1vel. Esta Pol\u00edtica de Privacidade descreve como coletamos, usamos e protegemos seus dados ao interagir com nossos servi\u00e7os.<\/p>\n<p>1. Informa\u00e7\u00f5es que Coletamos<br>Podemos coletar informa\u00e7\u00f5es automaticamente atrav\u00e9s de cookies e tecnologias similares quando voc\u00ea navega em nosso site.<\/p>\n<p>2. Uso das Informa\u00e7\u00f5es<br>Utilizamos suas informa\u00e7\u00f5es para:<\/p>\n<p>Oferecer e melhorar nossos servi\u00e7os;<br>Personalizar sua experi\u00eancia no site;<br>Responder a suas solicita\u00e7\u00f5es e fornecer suporte;<br>Enviar comunica\u00e7\u00f5es relacionadas a nossos servi\u00e7os, como atualiza\u00e7\u00f5es e promo\u00e7\u00f5es.<br>3. Compartilhamento de Informa\u00e7\u00f5es<br>N\u00e3o vendemos, alugamos ou compartilhamos suas informa\u00e7\u00f5es pessoais com terceiros, exceto quando necess\u00e1rio para:<\/p>\n<p>Cumprir com obriga\u00e7\u00f5es legais;<\/p>\n<p><br>Proteger os direitos e seguran\u00e7a e de nossos usu\u00e1rios;<br>Fornecer servi\u00e7os em conjunto com parceiros de confian\u00e7a, sempre sob as condi\u00e7\u00f5es estabelecidas nesta Pol\u00edtica.<br>4. Prote\u00e7\u00e3o de Dados<br>Implementamos medidas de seguran\u00e7a t\u00e9cnicas e organizacionais para proteger suas informa\u00e7\u00f5es contra acessos n\u00e3o autorizados, perda, uso indevido ou divulga\u00e7\u00e3o indevida. No entanto, a transmiss\u00e3o de dados pela internet nunca \u00e9 100% segura, e embora fa\u00e7amos o poss\u00edvel para proteger suas informa\u00e7\u00f5es, n\u00e3o podemos garantir a seguran\u00e7a total durante a transmiss\u00e3o.<\/p>\n<p>5. Seus Direitos<br>Voc\u00ea tem o direito de:<\/p>\n<p>Solicitar a limita\u00e7\u00e3o ou obje\u00e7\u00e3o ao tratamento de seus dados;<br>Revogar o consentimento para o uso de suas informa\u00e7\u00f5es, quando aplic\u00e1vel.<br>Para exercer seus direitos, entre em contato conosco atrav\u00e9s do nosso e-mail: contato@cpcomunica.com<\/p>\n<p>6. Cookies<br>Nosso site utiliza cookies para melhorar a experi\u00eancia do usu\u00e1rio. Cookies s\u00e3o pequenos arquivos de texto armazenados no seu navegador para ajudar a personalizar conte\u00fado e an\u00fancios, al\u00e9m de analisar o tr\u00e1fego. Voc\u00ea pode optar por desativar os cookies diretamente nas configura\u00e7\u00f5es do seu navegador.<\/p>\n<p>7. Altera\u00e7\u00f5es nesta Pol\u00edtica<br>Esta Pol\u00edtica de Privacidade pode ser atualizada periodicamente para refletir mudan\u00e7as em nossas pr\u00e1ticas ou nos requisitos legais. Recomendamos que voc\u00ea revise esta p\u00e1gina regularmente para estar sempre ciente de como protegemos suas informa\u00e7\u00f5es.<\/p>\n<p><\/p>\t\t\t\t\t\t\t\t<\/div>\n\t\t\t\t\t<\/div>\n\t\t\t\t<\/div>\n\t\t\t\t<\/div>\n\t\t","protected":false},"excerpt":{"rendered":"<p>Pol\u00edtica de privacidade AVISO LEGAL:&nbsp;Este produto n\u00e3o garante a obten\u00e7\u00e3o de resultados. Qualquer refer\u00eancia ao desempenho de uma estrat\u00e9gia n\u00e3o deve ser interpretada como uma garantia de resultados. \u00e9 pagina de divulga\u00e7\u00e3o de cria\u00e7\u00e3o de site todos os dados s\u00e3o fict\u00edcios, apenas para divulga\u00e7\u00e3o do trabalho de cria\u00e7\u00e3o.&nbsp; O usu\u00e1rio aceita expressamente os termos: A [&hellip;]<\/p>\n","protected":false},"author":1,"featured_media":0,"parent":0,"menu_order":0,"comment_status":"open","ping_status":"open","template":"elementor_header_footer","meta":{"footnotes":""},"class_list":["post-3","page","type-page","status-publish","hentry"],"_links":{"self":[{"href":"https:\/\/cpcomunica.com\/cpcar\/wp-json\/wp\/v2\/pages\/3","targetHints":{"allow":["GET"]}}],"collection":[{"href":"https:\/\/cpcomunica.com\/cpcar\/wp-json\/wp\/v2\/pages"}],"about":[{"href":"https:\/\/cpcomunica.com\/cpcar\/wp-json\/wp\/v2\/types\/page"}],"author":[{"embeddable":true,"href":"https:\/\/cpcomunica.com\/cpcar\/wp-json\/wp\/v2\/users\/1"}],"replies":[{"embeddable":true,"href":"https:\/\/cpcomunica.com\/cpcar\/wp-json\/wp\/v2\/comments?post=3"}],"version-history":[{"count":7,"href":"https:\/\/cpcomunica.com\/cpcar\/wp-json\/wp\/v2\/pages\/3\/revisions"}],"predecessor-version":[{"id":355,"href":"https:\/\/cpcomunica.com\/cpcar\/wp-json\/wp\/v2\/pages\/3\/revisions\/355"}],"wp:attachment":[{"href":"https:\/\/cpcomunica.com\/cpcar\/wp-json\/wp\/v2\/media?parent=3"}],"curies":[{"name":"wp","href":"https:\/\/api.w.org\/{rel}","templated":true}]}}