{"id":49,"date":"2025-07-10T19:31:29","date_gmt":"2025-07-10T19:31:29","guid":{"rendered":"https:\/\/cpcomunica.com\/cpcar\/?page_id=49"},"modified":"2025-07-15T18:57:27","modified_gmt":"2025-07-15T18:57:27","slug":"anuncie-seu-veiculo","status":"publish","type":"page","link":"https:\/\/cpcomunica.com\/cpcar\/anuncie-seu-veiculo\/","title":{"rendered":"Anuncie seu Ve\u00edculo"},"content":{"rendered":"\t\t<div data-elementor-type=\"wp-page\" data-elementor-id=\"49\" class=\"elementor elementor-49\" data-elementor-post-type=\"page\">\n\t\t\t\t<div class=\"elementor-element elementor-element-1d17189 e-flex e-con-boxed e-con e-parent\" data-id=\"1d17189\" data-element_type=\"container\" data-settings=\"{&quot;background_background&quot;:&quot;classic&quot;}\">\n\t\t\t\t\t<div class=\"e-con-inner\">\n\t\t\t\t<div class=\"elementor-element elementor-element-d46774c elementor-widget elementor-widget-heading\" data-id=\"d46774c\" data-element_type=\"widget\" data-widget_type=\"heading.default\">\n\t\t\t\t\t<h1 class=\"elementor-heading-title elementor-size-default\">Quer vender seu Ve\u00edculo<\/h1>\t\t\t\t<\/div>\n\t\t\t\t<div class=\"elementor-element elementor-element-030a105 elementor-widget elementor-widget-heading\" data-id=\"030a105\" data-element_type=\"widget\" data-widget_type=\"heading.default\">\n\t\t\t\t\t<h2 class=\"elementor-heading-title elementor-size-default\">Solicite sua avalia\u00e7\u00e3o sem compromisso <\/h2>\t\t\t\t<\/div>\n\t\t\t\t\t<\/div>\n\t\t\t\t<\/div>\n\t\t<div class=\"elementor-element elementor-element-8408812 e-flex e-con-boxed e-con e-parent\" data-id=\"8408812\" data-element_type=\"container\" data-settings=\"{&quot;background_background&quot;:&quot;classic&quot;}\">\n\t\t\t\t\t<div class=\"e-con-inner\">\n\t\t<div class=\"elementor-element elementor-element-aebc0f7 e-con-full e-flex e-con e-child\" data-id=\"aebc0f7\" data-element_type=\"container\">\n\t\t\t\t<div class=\"elementor-element elementor-element-da5947d elementor-widget-tablet__width-inherit elementor-widget elementor-widget-heading\" data-id=\"da5947d\" data-element_type=\"widget\" data-widget_type=\"heading.default\">\n\t\t\t\t\t<h2 class=\"elementor-heading-title elementor-size-default\">Preencha o Formul\u00e1rio abaixo <\/h2>\t\t\t\t<\/div>\n\t\t\t\t<div class=\"elementor-element elementor-element-28b96eb elementor-button-align-stretch elementor-widget elementor-widget-form\" data-id=\"28b96eb\" data-element_type=\"widget\" data-settings=\"{&quot;button_width&quot;:&quot;50&quot;,&quot;step_next_label&quot;:&quot;Next&quot;,&quot;step_previous_label&quot;:&quot;Previous&quot;,&quot;step_type&quot;:&quot;number_text&quot;,&quot;step_icon_shape&quot;:&quot;circle&quot;}\" data-widget_type=\"form.default\">\n\t\t\t\t\t\t\t<form class=\"elementor-form\" method=\"post\" name=\"Formul\u00e1rio de Avalia\u00e7\u00e3o \" aria-label=\"Formul\u00e1rio de Avalia\u00e7\u00e3o \">\n\t\t\t<input type=\"hidden\" name=\"post_id\" value=\"49\"\/>\n\t\t\t<input type=\"hidden\" name=\"form_id\" value=\"28b96eb\"\/>\n\t\t\t<input type=\"hidden\" name=\"referer_title\" value=\"Anuncie seu Ve\u00edculo\" \/>\n\n\t\t\t\t\t\t\t<input type=\"hidden\" name=\"queried_id\" value=\"49\"\/>\n\t\t\t\n\t\t\t<div class=\"elementor-form-fields-wrapper elementor-labels-\">\n\t\t\t\t\t\t\t\t<div class=\"elementor-field-type-text elementor-field-group elementor-column elementor-field-group-name elementor-col-40\">\n\t\t\t\t\t\t\t\t\t\t\t\t<label for=\"form-field-name\" class=\"elementor-field-label elementor-screen-only\">\n\t\t\t\t\t\t\t\tName\t\t\t\t\t\t\t<\/label>\n\t\t\t\t\t\t\t\t\t\t\t\t\t\t<input size=\"1\" type=\"text\" name=\"form_fields[name]\" id=\"form-field-name\" class=\"elementor-field elementor-size-md  elementor-field-textual\" placeholder=\"Name\">\n\t\t\t\t\t\t\t\t\t\t\t<\/div>\n\t\t\t\t\t\t\t\t<div class=\"elementor-field-type-email elementor-field-group elementor-column elementor-field-group-email elementor-col-60 elementor-field-required\">\n\t\t\t\t\t\t\t\t\t\t\t\t<label for=\"form-field-email\" class=\"elementor-field-label elementor-screen-only\">\n\t\t\t\t\t\t\t\tEmail\t\t\t\t\t\t\t<\/label>\n\t\t\t\t\t\t\t\t\t\t\t\t\t\t<input size=\"1\" type=\"email\" name=\"form_fields[email]\" id=\"form-field-email\" class=\"elementor-field elementor-size-md  elementor-field-textual\" placeholder=\"Email\" required=\"required\">\n\t\t\t\t\t\t\t\t\t\t\t<\/div>\n\t\t\t\t\t\t\t\t<div class=\"elementor-field-type-tel elementor-field-group elementor-column elementor-field-group-field_aa46fc4 elementor-col-100\">\n\t\t\t\t\t\t\t\t\t\t\t\t<label for=\"form-field-field_aa46fc4\" class=\"elementor-field-label elementor-screen-only\">\n\t\t\t\t\t\t\t\tWhatsApp\t\t\t\t\t\t\t<\/label>\n\t\t\t\t\t\t\t\t<input size=\"1\" type=\"tel\" name=\"form_fields[field_aa46fc4]\" id=\"form-field-field_aa46fc4\" class=\"elementor-field elementor-size-md  elementor-field-textual\" placeholder=\"WhatsApp\" pattern=\"[0-9()#&amp;+*-=.]+\" title=\"Only numbers and phone characters (#, -, *, etc) are accepted.\">\n\n\t\t\t\t\t\t<\/div>\n\t\t\t\t\t\t\t\t<div class=\"elementor-field-type-textarea elementor-field-group elementor-column elementor-field-group-message elementor-col-100\">\n\t\t\t\t\t\t\t\t\t\t\t\t<label for=\"form-field-message\" class=\"elementor-field-label elementor-screen-only\">\n\t\t\t\t\t\t\t\tDados do Ve\u00edculo\t\t\t\t\t\t\t<\/label>\n\t\t\t\t\t\t<textarea class=\"elementor-field-textual elementor-field  elementor-size-md\" name=\"form_fields[message]\" id=\"form-field-message\" rows=\"4\" placeholder=\"Dados do Ve\u00edculo\"><\/textarea>\t\t\t\t<\/div>\n\t\t\t\t\t\t\t\t<div class=\"elementor-field-type-text elementor-field-group elementor-column elementor-field-group-field_962cc73 elementor-col-20 elementor-sm-50\">\n\t\t\t\t\t\t\t\t\t\t\t\t<label for=\"form-field-field_962cc73\" class=\"elementor-field-label elementor-screen-only\">\n\t\t\t\t\t\t\t\tModelo\t\t\t\t\t\t\t<\/label>\n\t\t\t\t\t\t\t\t\t\t\t\t\t\t<input size=\"1\" type=\"text\" name=\"form_fields[field_962cc73]\" id=\"form-field-field_962cc73\" class=\"elementor-field elementor-size-md  elementor-field-textual\" placeholder=\"Modelo\">\n\t\t\t\t\t\t\t\t\t\t\t<\/div>\n\t\t\t\t\t\t\t\t<div class=\"elementor-field-type-text elementor-field-group elementor-column elementor-field-group-field_829dad6 elementor-col-20 elementor-sm-50\">\n\t\t\t\t\t\t\t\t\t\t\t\t<label for=\"form-field-field_829dad6\" class=\"elementor-field-label elementor-screen-only\">\n\t\t\t\t\t\t\t\tAno\t\t\t\t\t\t\t<\/label>\n\t\t\t\t\t\t\t\t\t\t\t\t\t\t<input size=\"1\" type=\"text\" name=\"form_fields[field_829dad6]\" id=\"form-field-field_829dad6\" class=\"elementor-field elementor-size-md  elementor-field-textual\" placeholder=\"Ano\">\n\t\t\t\t\t\t\t\t\t\t\t<\/div>\n\t\t\t\t\t\t\t\t<div class=\"elementor-field-type-text elementor-field-group elementor-column elementor-field-group-field_6deb90f elementor-col-20 elementor-md-20 elementor-sm-33\">\n\t\t\t\t\t\t\t\t\t\t\t\t<label for=\"form-field-field_6deb90f\" class=\"elementor-field-label elementor-screen-only\">\n\t\t\t\t\t\t\t\tKM\t\t\t\t\t\t\t<\/label>\n\t\t\t\t\t\t\t\t\t\t\t\t\t\t<input size=\"1\" type=\"text\" name=\"form_fields[field_6deb90f]\" id=\"form-field-field_6deb90f\" class=\"elementor-field elementor-size-md  elementor-field-textual\" placeholder=\"KM\">\n\t\t\t\t\t\t\t\t\t\t\t<\/div>\n\t\t\t\t\t\t\t\t<div class=\"elementor-field-type-text elementor-field-group elementor-column elementor-field-group-field_da3af06 elementor-col-20 elementor-md-20 elementor-sm-33\">\n\t\t\t\t\t\t\t\t\t\t\t\t<label for=\"form-field-field_da3af06\" class=\"elementor-field-label elementor-screen-only\">\n\t\t\t\t\t\t\t\tCor\t\t\t\t\t\t\t<\/label>\n\t\t\t\t\t\t\t\t\t\t\t\t\t\t<input size=\"1\" type=\"text\" name=\"form_fields[field_da3af06]\" id=\"form-field-field_da3af06\" class=\"elementor-field elementor-size-md  elementor-field-textual\" placeholder=\"Cor\">\n\t\t\t\t\t\t\t\t\t\t\t<\/div>\n\t\t\t\t\t\t\t\t<div class=\"elementor-field-type-text elementor-field-group elementor-column elementor-field-group-field_974d7e4 elementor-col-20 elementor-md-20 elementor-sm-33\">\n\t\t\t\t\t\t\t\t\t\t\t\t<label for=\"form-field-field_974d7e4\" class=\"elementor-field-label elementor-screen-only\">\n\t\t\t\t\t\t\t\tPorta\t\t\t\t\t\t\t<\/label>\n\t\t\t\t\t\t\t\t\t\t\t\t\t\t<input size=\"1\" type=\"text\" name=\"form_fields[field_974d7e4]\" id=\"form-field-field_974d7e4\" class=\"elementor-field elementor-size-md  elementor-field-textual\" placeholder=\"Porta\">\n\t\t\t\t\t\t\t\t\t\t\t<\/div>\n\t\t\t\t\t\t\t\t<div class=\"elementor-field-group elementor-column elementor-field-type-submit elementor-col-50 e-form__buttons\">\n\t\t\t\t\t<button class=\"elementor-button elementor-size-md\" type=\"submit\">\n\t\t\t\t\t\t<span class=\"elementor-button-content-wrapper\">\n\t\t\t\t\t\t\t\t\t\t\t\t\t\t\t\t\t\t\t\t\t\t<span class=\"elementor-button-text\">Solicitar Avalia\u00e7\u00e3o<\/span>\n\t\t\t\t\t\t\t\t\t\t\t\t\t<\/span>\n\t\t\t\t\t<\/button>\n\t\t\t\t<\/div>\n\t\t\t<\/div>\n\t\t<\/form>\n\t\t\t\t\t\t<\/div>\n\t\t\t\t<\/div>\n\t\t<div class=\"elementor-element elementor-element-6157349 e-con-full e-flex e-con e-child\" data-id=\"6157349\" data-element_type=\"container\" data-settings=\"{&quot;background_background&quot;:&quot;classic&quot;}\">\n\t\t\t\t<div class=\"elementor-element elementor-element-5113d0e elementor-widget elementor-widget-heading\" data-id=\"5113d0e\" data-element_type=\"widget\" data-widget_type=\"heading.default\">\n\t\t\t\t\t<h2 class=\"elementor-heading-title elementor-size-default\">Como Funciona?<\/h2>\t\t\t\t<\/div>\n\t\t\t\t<div class=\"elementor-element elementor-element-7ed2782 elementor-position-left elementor-vertical-align-middle elementor-widget elementor-widget-image-box\" data-id=\"7ed2782\" data-element_type=\"widget\" data-widget_type=\"image-box.default\">\n\t\t\t\t\t<div class=\"elementor-image-box-wrapper\"><figure class=\"elementor-image-box-img\"><img fetchpriority=\"high\" decoding=\"async\" width=\"2000\" height=\"2000\" src=\"https:\/\/cpcomunica.com\/cpcar\/wp-content\/uploads\/2025\/07\/3-1.png\" class=\"attachment-full size-full wp-image-108\" alt=\"\" srcset=\"https:\/\/cpcomunica.com\/cpcar\/wp-content\/uploads\/2025\/07\/3-1.png 2000w, https:\/\/cpcomunica.com\/cpcar\/wp-content\/uploads\/2025\/07\/3-1-300x300.png 300w, https:\/\/cpcomunica.com\/cpcar\/wp-content\/uploads\/2025\/07\/3-1-1024x1024.png 1024w, https:\/\/cpcomunica.com\/cpcar\/wp-content\/uploads\/2025\/07\/3-1-150x150.png 150w, https:\/\/cpcomunica.com\/cpcar\/wp-content\/uploads\/2025\/07\/3-1-768x768.png 768w, https:\/\/cpcomunica.com\/cpcar\/wp-content\/uploads\/2025\/07\/3-1-1536x1536.png 1536w\" sizes=\"(max-width: 2000px) 100vw, 2000px\" \/><\/figure><div class=\"elementor-image-box-content\"><h3 class=\"elementor-image-box-title\">Nossa equipe vai avalia as informa\u00e7\u00f5es <\/h3><\/div><\/div>\t\t\t\t<\/div>\n\t\t\t\t<div class=\"elementor-element elementor-element-60d472e elementor-position-left elementor-vertical-align-middle elementor-widget elementor-widget-image-box\" data-id=\"60d472e\" data-element_type=\"widget\" data-widget_type=\"image-box.default\">\n\t\t\t\t\t<div class=\"elementor-image-box-wrapper\"><figure class=\"elementor-image-box-img\"><img decoding=\"async\" width=\"2000\" height=\"2000\" src=\"https:\/\/cpcomunica.com\/cpcar\/wp-content\/uploads\/2025\/07\/4.png\" class=\"attachment-full size-full wp-image-109\" alt=\"\" srcset=\"https:\/\/cpcomunica.com\/cpcar\/wp-content\/uploads\/2025\/07\/4.png 2000w, https:\/\/cpcomunica.com\/cpcar\/wp-content\/uploads\/2025\/07\/4-300x300.png 300w, https:\/\/cpcomunica.com\/cpcar\/wp-content\/uploads\/2025\/07\/4-1024x1024.png 1024w, https:\/\/cpcomunica.com\/cpcar\/wp-content\/uploads\/2025\/07\/4-150x150.png 150w, https:\/\/cpcomunica.com\/cpcar\/wp-content\/uploads\/2025\/07\/4-768x768.png 768w, https:\/\/cpcomunica.com\/cpcar\/wp-content\/uploads\/2025\/07\/4-1536x1536.png 1536w\" sizes=\"(max-width: 2000px) 100vw, 2000px\" \/><\/figure><div class=\"elementor-image-box-content\"><h3 class=\"elementor-image-box-title\">Um vendedor entrar\u00e1 em contato <\/h3><\/div><\/div>\t\t\t\t<\/div>\n\t\t\t\t<div class=\"elementor-element elementor-element-d65a885 elementor-position-left elementor-vertical-align-middle elementor-widget elementor-widget-image-box\" data-id=\"d65a885\" data-element_type=\"widget\" data-widget_type=\"image-box.default\">\n\t\t\t\t\t<div class=\"elementor-image-box-wrapper\"><figure class=\"elementor-image-box-img\"><img decoding=\"async\" width=\"2000\" height=\"2000\" src=\"https:\/\/cpcomunica.com\/cpcar\/wp-content\/uploads\/2025\/07\/5.png\" class=\"attachment-full size-full wp-image-110\" alt=\"\" srcset=\"https:\/\/cpcomunica.com\/cpcar\/wp-content\/uploads\/2025\/07\/5.png 2000w, https:\/\/cpcomunica.com\/cpcar\/wp-content\/uploads\/2025\/07\/5-300x300.png 300w, https:\/\/cpcomunica.com\/cpcar\/wp-content\/uploads\/2025\/07\/5-1024x1024.png 1024w, https:\/\/cpcomunica.com\/cpcar\/wp-content\/uploads\/2025\/07\/5-150x150.png 150w, https:\/\/cpcomunica.com\/cpcar\/wp-content\/uploads\/2025\/07\/5-768x768.png 768w, https:\/\/cpcomunica.com\/cpcar\/wp-content\/uploads\/2025\/07\/5-1536x1536.png 1536w\" sizes=\"(max-width: 2000px) 100vw, 2000px\" \/><\/figure><div class=\"elementor-image-box-content\"><h3 class=\"elementor-image-box-title\">Fecharemos neg\u00f3cio<\/h3><\/div><\/div>\t\t\t\t<\/div>\n\t\t\t\t<\/div>\n\t\t\t\t\t<\/div>\n\t\t\t\t<\/div>\n\t\t\t\t<\/div>\n\t\t","protected":false},"excerpt":{"rendered":"<p>Quer vender seu Ve\u00edculo Solicite sua avalia\u00e7\u00e3o sem compromisso Preencha o Formul\u00e1rio abaixo Como Funciona? Nossa equipe vai avalia as informa\u00e7\u00f5es Um vendedor entrar\u00e1 em contato Fecharemos neg\u00f3cio<\/p>\n","protected":false},"author":1,"featured_media":0,"parent":0,"menu_order":0,"comment_status":"closed","ping_status":"closed","template":"elementor_header_footer","meta":{"footnotes":""},"class_list":["post-49","page","type-page","status-publish","hentry"],"_links":{"self":[{"href":"https:\/\/cpcomunica.com\/cpcar\/wp-json\/wp\/v2\/pages\/49","targetHints":{"allow":["GET"]}}],"collection":[{"href":"https:\/\/cpcomunica.com\/cpcar\/wp-json\/wp\/v2\/pages"}],"about":[{"href":"https:\/\/cpcomunica.com\/cpcar\/wp-json\/wp\/v2\/types\/page"}],"author":[{"embeddable":true,"href":"https:\/\/cpcomunica.com\/cpcar\/wp-json\/wp\/v2\/users\/1"}],"replies":[{"embeddable":true,"href":"https:\/\/cpcomunica.com\/cpcar\/wp-json\/wp\/v2\/comments?post=49"}],"version-history":[{"count":13,"href":"https:\/\/cpcomunica.com\/cpcar\/wp-json\/wp\/v2\/pages\/49\/revisions"}],"predecessor-version":[{"id":324,"href":"https:\/\/cpcomunica.com\/cpcar\/wp-json\/wp\/v2\/pages\/49\/revisions\/324"}],"wp:attachment":[{"href":"https:\/\/cpcomunica.com\/cpcar\/wp-json\/wp\/v2\/media?parent=49"}],"curies":[{"name":"wp","href":"https:\/\/api.w.org\/{rel}","templated":true}]}}